{"id":12040,"date":"2022-02-21T09:20:42","date_gmt":"2022-02-21T00:20:42","guid":{"rendered":"http:\/\/oia1.jp\/oia\/?page_id=12040"},"modified":"2024-09-17T10:52:46","modified_gmt":"2024-09-17T01:52:46","slug":"hinanjo-unei","status":"publish","type":"page","link":"http:\/\/oia1.jp\/oia\/hinanjo-unei\/","title":{"rendered":"\u707d\u5bb3\u6642\u591a\u8a00\u8a9e\u8868\u793a\uff08\u907f\u96e3\u6240\u904b\u55b6\u62c5\u5f53\u306e\u65b9\u5411\u3051\uff09"},"content":{"rendered":"<p>\u73fe\u5728\u3001\u7dca\u6025\u60c5\u5831\u306f\u3042\u308a\u307e\u305b\u3093\u3002\u4eca\u5f8c\u3001\u5404\u907f\u96e3\u6240\u304b\u3089\u306e\u500b\u5225\u306eQ&amp;A\u306f\u3001\u3053\u3061\u3089\u306b\u65e5\u672c\u8a9e\u3068\u5f53\u8a72\u8a00\u8a9e\u3067\u8cbc\u308a\u4ed8\u3051\u307e\u3059\u3002\u5f53\u8a72\u907f\u96e3\u6240\u306e\u62c5\u5f53\u8005\u306e\u7686\u3055\u3093\u306f\u3001\u3053\u306e\u591a\u8a00\u8a9e\u56de\u7b54\u3092\u5916\u56fd\u4eba\u907f\u96e3\u8005\u306b\u898b\u305b\u3066\u4e0b\u3055\u3044\u3002\u4e00\u822c\u7684\u306a\u9632\u707d\u60c5\u5831\u306f\u3001\u3053\u3061\u3089\u306b\u65e5\u672c\u8a9e\u3092\u3001\u4ed6\u306e\u8a00\u8a9e\u306f\u3001TOP\u30da\u30fc\u30b8\u306e\u5404\u8a00\u8a9e\u30a2\u30a4\u30b3\u30f3\u306e\u4e2d\u306b\u63b2\u8f09\u3059\u308b\u4e88\u5b9a\u3067\u3059\u3002<\/p>\n<p><strong>\u4f8b\u2460:<\/strong>\u3000\uff08\u5404\u907f\u96e3\u6240\u304b\u3089\u306e\u500b\u5225Q&amp;A\uff0920231210\u00a0 \u25cb\u25cb\u5c0f\u5b66\u6821\u4f53\u80b2\u9928<\/p>\n<p>Q:\u30d6\u30e9\u30b8\u30eb\u4eba\u907f\u96e3\u8005\u3088\u308a\u6bdb\u5e03\u304c\uff13\u679a\u4f59\u5206\u306b\u6b32\u3057\u3044\u3001\u3068\u8a00\u308f\u308c\u305f\u3002<\/p>\n<p>A:\u9632\u707d\u8ab2\u306b\u78ba\u8a8d\u3057\u305f\u3002\u660e\u65e5\u5c4a\u3051\u308b\u4e88\u5b9a\u3002\u4eca\u5f8c\u3082\u3001\u4ed6\u306e\u907f\u96e3\u6240\u3067\u6bdb\u5e03\u304c\u4e0d\u8db3\u3057\u305f\u3089\u3001\u9632\u707d\u8ab2\u306b\u78ba\u8a8d\u3057\u3066\u304f\u3060\u3055\u3044\u3002<\/p>\n<div>\uff1c\u30dd\u30eb\u30c8\u30ac\u30eb\u8a9e\uff1e<\/div>\n<div class=\"lRu31\"><span class=\"HwtZe\" lang=\"pt\"><span class=\"jCAhz ChMk0b\"><span class=\"ryNqvb\">\u3010Pergunta\u3011 Um evacuado brasileiro pediu tr\u00eas cobertores extras.<\/span><\/span> <\/span><\/div>\n<div class=\"lRu31\"><span class=\"HwtZe\" lang=\"pt\"><span class=\"jCAhz ChMk0b\"><span class=\"ryNqvb\">\u3010Resposta\u3011 Confirmado com a Divis\u00e3o de Preven\u00e7\u00e3o de Desastres.<\/span><\/span> <span class=\"jCAhz ChMk0b\"><span class=\"ryNqvb\">Programado para ser entregue amanh\u00e3.<\/span><\/span> <span class=\"jCAhz ChMk0b\"><span class=\"ryNqvb\">Se outros centros de evacua\u00e7\u00e3o ficarem sem cobertores no futuro, consulte a Divis\u00e3o de Preven\u00e7\u00e3o de Desastres.<\/span><\/span><\/span><\/div>\n<p><strong>\u4f8b\u2461\uff1a<\/strong>\uff08\u4e00\u822c\u7684\u306a\u9632\u707d\u60c5\u5831\uff09\u7d66\u6c34\u8eca\u304c12\u670810\u65e510\u6642\u306b\u5927\u5e73\u652f\u6240\u3001\u6771\u90e8\u652f\u6240\u306b\u5230\u7740\u4e88\u5b9a\u3002<\/p>\n<p>&nbsp;<\/p>\n<p>\u25cb\u611b\u77e5\u770c\u591a\u6587\u5316\u5171\u751f\u63a8\u9032\u5ba4HP<br \/>\n\u30fb<a href=\"\/\/www.pref.aichi.jp\/soshiki\/tabunka\/saigaitagengo-center.html\" target=\"_blank\" rel=\"noopener\">\u707d\u5bb3\u591a\u8a00\u8a9e\u652f\u63f4\u30bb\u30f3\u30bf\u30fc\u306b\u3064\u3044\u3066<\/a><\/p>\n<p>\u25cb<a href=\"\/\/www.moj.go.jp\/isa\/support\/portal\/disaster_prevention.html\" target=\"_blank\" rel=\"noopener\">\u51fa\u5165\u56fd\u5728\u7559\u7ba1\u7406\u5e81\u3000\u5916\u56fd\u4eba\u751f\u6d3b\u652f\u63f4\u30dd\u30fc\u30bf\u30eb\u30b5\u30a4\u30c8\u300c\u7dca\u6025\u30fb\u707d\u5bb3\u300d<\/a><\/p>\n<p>\u25cb<a href=\"\/\/www.clair.or.jp\/j\/multiculture\/tagengo\/saigai.html\" target=\"_blank\" rel=\"noopener\">\uff08\u4e00\u8ca1\uff09\u81ea\u6cbb\u4f53\u56fd\u969b\u5316\u5354\u4f1a\uff08\u30af\u30ec\u30a2\uff09HP\u3000\u707d\u5bb3\u6642\u306e\u591a\u8a00\u8a9e\u652f\u63f4\u306b\u3064\u3044\u3066<\/a><\/p>\n<p>\u30fb<a href=\"https:\/\/dis.clair.or.jp\/\" target=\"_blank\" rel=\"noopener\">\u707d\u5bb3\u6642\u591a\u8a00\u8a9e\u8868\u793a\u30b7\u30fc\u30c8\uff08\u81ea\u6cbb\u4f53\u56fd\u969b\u5316\u5354\u4f1a\/ClAIR)<\/a><\/p>\n<p>\u25cb<a href=\"\/\/www.npotabumane.com\/%E5%9B%A3%E4%BD%93%E6%A6%82%E8%A6%81\/%E7%81%BD%E5%AE%B3%E6%99%82%E6%94%AF%E6%8F%B4%E6%B4%BB%E5%8B%95\/\" target=\"_blank\" rel=\"noopener\">NPO\u6cd5\u4eba\u591a\u6587\u5316\u5171\u751f\u30de\u30cd\u30fc\u30b8\u30e3\u30fc\u5168\u56fd\u5354\u8b70\u4f1aHP\u3000\u707d\u5bb3\u6642\u652f\u63f4\u6d3b\u52d5\u306b\u3064\u3044\u3066<\/a><\/p>\n","protected":false},"excerpt":{"rendered":"<p>\u73fe\u5728\u3001\u7dca\u6025\u60c5\u5831\u306f\u3042\u308a\u307e\u305b\u3093\u3002\u4eca\u5f8c\u3001\u5404\u907f\u96e3\u6240\u304b\u3089\u306e\u500b\u5225\u306eQ&amp;A\u306f\u3001\u3053\u3061\u3089\u306b\u65e5\u672c\u8a9e\u3068\u5f53\u8a72\u8a00\u8a9e\u3067\u8cbc\u308a\u4ed8\u3051\u307e\u3059\u3002\u5f53\u8a72\u907f\u96e3\u6240\u306e\u62c5\u5f53\u8005\u306e\u7686\u3055\u3093\u306f\u3001\u3053\u306e\u591a\u8a00\u8a9e\u56de\u7b54\u3092\u5916\u56fd\u4eba\u907f\u96e3\u8005\u306b\u898b\u305b\u3066\u4e0b\u3055\u3044\u3002\u4e00\u822c\u7684\u306a\u9632\u707d\u60c5\u5831\u306f\u3001\u3053\u3061\u3089\u306b\u65e5\u672c\u8a9e [&hellip;]<\/p>\n","protected":false},"author":1,"featured_media":0,"parent":0,"menu_order":27,"comment_status":"closed","ping_status":"closed","template":"","meta":{"_acf_changed":false,"footnotes":""},"page_category":[],"acf":[],"_links":{"self":[{"href":"http:\/\/oia1.jp\/oia\/wp-json\/wp\/v2\/pages\/12040"}],"collection":[{"href":"http:\/\/oia1.jp\/oia\/wp-json\/wp\/v2\/pages"}],"about":[{"href":"http:\/\/oia1.jp\/oia\/wp-json\/wp\/v2\/types\/page"}],"author":[{"embeddable":true,"href":"http:\/\/oia1.jp\/oia\/wp-json\/wp\/v2\/users\/1"}],"replies":[{"embeddable":true,"href":"http:\/\/oia1.jp\/oia\/wp-json\/wp\/v2\/comments?post=12040"}],"version-history":[{"count":29,"href":"http:\/\/oia1.jp\/oia\/wp-json\/wp\/v2\/pages\/12040\/revisions"}],"predecessor-version":[{"id":14672,"href":"http:\/\/oia1.jp\/oia\/wp-json\/wp\/v2\/pages\/12040\/revisions\/14672"}],"wp:attachment":[{"href":"http:\/\/oia1.jp\/oia\/wp-json\/wp\/v2\/media?parent=12040"}],"wp:term":[{"taxonomy":"page_category","embeddable":true,"href":"http:\/\/oia1.jp\/oia\/wp-json\/wp\/v2\/page_category?post=12040"}],"curies":[{"name":"wp","href":"https:\/\/api.w.org\/{rel}","templated":true}]}}